{"id":2015,"date":"2026-05-05T10:25:15","date_gmt":"2026-05-05T10:25:15","guid":{"rendered":"https:\/\/knoblochstrings.com\/?post_type=product&#038;p=2015"},"modified":"2026-05-05T10:25:15","modified_gmt":"2026-05-05T10:25:15","slug":"preludes-dances-from-brazil-ricardo-gallen","status":"publish","type":"product","link":"https:\/\/knoblochstrings.com\/en\/products\/preludes-dances-from-brazil-ricardo-gallen\/","title":{"rendered":"Preludes &#038; Dances from Brazil &#8211; Ricardo Gall\u00e9n"},"content":{"rendered":"<p>Renowned Spanish guitarist Ricardo Gall\u00e9n has embarked on a fascinating musical journey with his album, dedicated to the works of the legendary composer Heitor Villa-Lobos and to the Grammy-Award winner S\u00e9rgio Assad. Both Brazilian, this recording represents a hommage and a celebration to the country\u2019s folklore and rich cultural heritage. Villa-lobos\u2019 iconic Pr\u00e9ludes and the Suite populaire br\u00e9silienne are preceded by the first recording of Assad\u2019s captivating Colloquial Preludes, composed for Ricardo Gall\u00e9n.  Recorded in the gorgeous acoustics of the 13th Century Convent of San Francisco, in \u00c1vila, Spain, Gall\u00e9n\u2019s performance is a testament to his exceptional talent and profound musicality and to his love for this music.<\/p>\n","protected":false},"excerpt":{"rendered":"<p>Renowned Spanish guitarist Ricardo Gall\u00e9n has embarked on a fascinating musical journey with his album, dedicated to the works of the legendary composer Heitor Villa-Lobos and to the Grammy-Award winner &hellip;<\/p>\n","protected":false},"featured_media":3024,"comment_status":"closed","ping_status":"open","template":"","meta":{"_acf_changed":false},"scale":[],"string-position":[],"tone":[],"product_brand":[],"product_cat":[109],"product_tag":[],"class_list":{"0":"post-2015","1":"product","2":"type-product","3":"status-publish","4":"has-post-thumbnail","6":"serie-cd","7":"product_cat-music-merch","9":"first","10":"instock","11":"taxable","12":"shipping-taxable","13":"purchasable","14":"product-type-simple"},"acf":[],"yoast_head":"<!-- This site is optimized with the Yoast SEO plugin v27.2 - https:\/\/yoast.com\/product\/yoast-seo-wordpress\/ -->\n<title>Preludes &amp; Dances from Brazil \u2013 Ricardo Gall\u00e9n CD<\/title>\n<meta name=\"description\" content=\"Ricardo Gall\u00e9n performs works by Villa-Lobos and S\u00e9rgio Assad in this classical guitar album celebrating Brazilian music.\" \/>\n<meta name=\"robots\" content=\"index, follow, max-snippet:-1, max-image-preview:large, max-video-preview:-1\" \/>\n<link rel=\"canonical\" href=\"https:\/\/knoblochstrings.com\/en\/products\/preludes-dances-from-brazil-ricardo-gallen\/\" \/>\n<meta property=\"og:locale\" content=\"en_US\" \/>\n<meta property=\"og:type\" content=\"article\" \/>\n<meta property=\"og:title\" content=\"Preludes &amp; Dances from Brazil \u2013 Ricardo Gall\u00e9n CD\" \/>\n<meta property=\"og:description\" content=\"Ricardo Gall\u00e9n performs works by Villa-Lobos and S\u00e9rgio Assad in this classical guitar album celebrating Brazilian music.\" \/>\n<meta property=\"og:url\" content=\"https:\/\/knoblochstrings.com\/en\/products\/preludes-dances-from-brazil-ricardo-gallen\/\" \/>\n<meta property=\"og:site_name\" content=\"Knobloch Strings\" \/>\n<meta property=\"og:image\" content=\"https:\/\/knoblochstrings.com\/wp-content\/uploads\/CDP-D-front.webp\" \/>\n\t<meta property=\"og:image:width\" content=\"1360\" \/>\n\t<meta property=\"og:image:height\" content=\"1396\" \/>\n\t<meta property=\"og:image:type\" content=\"image\/webp\" \/>\n<meta name=\"twitter:card\" content=\"summary_large_image\" \/>\n<meta name=\"twitter:label1\" content=\"Est. reading time\" \/>\n\t<meta name=\"twitter:data1\" content=\"1 minute\" \/>\n<script type=\"application\/ld+json\" class=\"yoast-schema-graph\">{\"@context\":\"https:\/\/schema.org\",\"@graph\":[{\"@type\":\"WebPage\",\"@id\":\"https:\/\/knoblochstrings.com\/en\/products\/preludes-dances-from-brazil-ricardo-gallen\/\",\"url\":\"https:\/\/knoblochstrings.com\/en\/products\/preludes-dances-from-brazil-ricardo-gallen\/\",\"name\":\"Preludes & Dances from Brazil \u2013 Ricardo Gall\u00e9n CD\",\"isPartOf\":{\"@id\":\"https:\/\/knoblochstrings.com\/en\/#website\"},\"primaryImageOfPage\":{\"@id\":\"https:\/\/knoblochstrings.com\/en\/products\/preludes-dances-from-brazil-ricardo-gallen\/#primaryimage\"},\"image\":{\"@id\":\"https:\/\/knoblochstrings.com\/en\/products\/preludes-dances-from-brazil-ricardo-gallen\/#primaryimage\"},\"thumbnailUrl\":\"https:\/\/knoblochstrings.com\/wp-content\/uploads\/CDP-D-front.webp\",\"datePublished\":\"2026-05-05T10:25:15+00:00\",\"description\":\"Ricardo Gall\u00e9n performs works by Villa-Lobos and S\u00e9rgio Assad in this classical guitar album celebrating Brazilian music.\",\"breadcrumb\":{\"@id\":\"https:\/\/knoblochstrings.com\/en\/products\/preludes-dances-from-brazil-ricardo-gallen\/#breadcrumb\"},\"inLanguage\":\"en-US\",\"potentialAction\":[{\"@type\":\"ReadAction\",\"target\":[\"https:\/\/knoblochstrings.com\/en\/products\/preludes-dances-from-brazil-ricardo-gallen\/\"]}]},{\"@type\":\"ImageObject\",\"inLanguage\":\"en-US\",\"@id\":\"https:\/\/knoblochstrings.com\/en\/products\/preludes-dances-from-brazil-ricardo-gallen\/#primaryimage\",\"url\":\"https:\/\/knoblochstrings.com\/wp-content\/uploads\/CDP-D-front.webp\",\"contentUrl\":\"https:\/\/knoblochstrings.com\/wp-content\/uploads\/CDP-D-front.webp\",\"width\":1360,\"height\":1396},{\"@type\":\"BreadcrumbList\",\"@id\":\"https:\/\/knoblochstrings.com\/en\/products\/preludes-dances-from-brazil-ricardo-gallen\/#breadcrumb\",\"itemListElement\":[{\"@type\":\"ListItem\",\"position\":1,\"name\":\"Portada\",\"item\":\"https:\/\/knoblochstrings.com\/en\/\"},{\"@type\":\"ListItem\",\"position\":2,\"name\":\"Shop\",\"item\":\"https:\/\/knoblochstrings.com\/shop\/\"},{\"@type\":\"ListItem\",\"position\":3,\"name\":\"Preludes &#038; Dances from Brazil &#8211; Ricardo Gall\u00e9n\"}]},{\"@type\":\"WebSite\",\"@id\":\"https:\/\/knoblochstrings.com\/en\/#website\",\"url\":\"https:\/\/knoblochstrings.com\/en\/\",\"name\":\"Knobloch Strings\",\"description\":\"Premium Guitar Strings\",\"publisher\":{\"@id\":\"https:\/\/knoblochstrings.com\/en\/#organization\"},\"potentialAction\":[{\"@type\":\"SearchAction\",\"target\":{\"@type\":\"EntryPoint\",\"urlTemplate\":\"https:\/\/knoblochstrings.com\/en\/?s={search_term_string}\"},\"query-input\":{\"@type\":\"PropertyValueSpecification\",\"valueRequired\":true,\"valueName\":\"search_term_string\"}}],\"inLanguage\":\"en-US\"},{\"@type\":\"Organization\",\"@id\":\"https:\/\/knoblochstrings.com\/en\/#organization\",\"name\":\"Knobloch Strings\",\"url\":\"https:\/\/knoblochstrings.com\/en\/\",\"logo\":{\"@type\":\"ImageObject\",\"inLanguage\":\"en-US\",\"@id\":\"https:\/\/knoblochstrings.com\/en\/#\/schema\/logo\/image\/\",\"url\":\"https:\/\/knoblochstrings.com\/wp-content\/uploads\/Logo-Knobloch-Strings.svg\",\"contentUrl\":\"https:\/\/knoblochstrings.com\/wp-content\/uploads\/Logo-Knobloch-Strings.svg\",\"width\":485,\"height\":170,\"caption\":\"Knobloch Strings\"},\"image\":{\"@id\":\"https:\/\/knoblochstrings.com\/en\/#\/schema\/logo\/image\/\"}}]}<\/script>\n<!-- \/ Yoast SEO plugin. -->","yoast_head_json":{"title":"Preludes & Dances from Brazil \u2013 Ricardo Gall\u00e9n CD","description":"Ricardo Gall\u00e9n performs works by Villa-Lobos and S\u00e9rgio Assad in this classical guitar album celebrating Brazilian music.","robots":{"index":"index","follow":"follow","max-snippet":"max-snippet:-1","max-image-preview":"max-image-preview:large","max-video-preview":"max-video-preview:-1"},"canonical":"https:\/\/knoblochstrings.com\/en\/products\/preludes-dances-from-brazil-ricardo-gallen\/","og_locale":"en_US","og_type":"article","og_title":"Preludes & Dances from Brazil \u2013 Ricardo Gall\u00e9n CD","og_description":"Ricardo Gall\u00e9n performs works by Villa-Lobos and S\u00e9rgio Assad in this classical guitar album celebrating Brazilian music.","og_url":"https:\/\/knoblochstrings.com\/en\/products\/preludes-dances-from-brazil-ricardo-gallen\/","og_site_name":"Knobloch Strings","og_image":[{"width":1360,"height":1396,"url":"https:\/\/knoblochstrings.com\/wp-content\/uploads\/CDP-D-front.webp","type":"image\/webp"}],"twitter_card":"summary_large_image","twitter_misc":{"Est. reading time":"1 minute"},"schema":{"@context":"https:\/\/schema.org","@graph":[{"@type":"WebPage","@id":"https:\/\/knoblochstrings.com\/en\/products\/preludes-dances-from-brazil-ricardo-gallen\/","url":"https:\/\/knoblochstrings.com\/en\/products\/preludes-dances-from-brazil-ricardo-gallen\/","name":"Preludes & Dances from Brazil \u2013 Ricardo Gall\u00e9n CD","isPartOf":{"@id":"https:\/\/knoblochstrings.com\/en\/#website"},"primaryImageOfPage":{"@id":"https:\/\/knoblochstrings.com\/en\/products\/preludes-dances-from-brazil-ricardo-gallen\/#primaryimage"},"image":{"@id":"https:\/\/knoblochstrings.com\/en\/products\/preludes-dances-from-brazil-ricardo-gallen\/#primaryimage"},"thumbnailUrl":"https:\/\/knoblochstrings.com\/wp-content\/uploads\/CDP-D-front.webp","datePublished":"2026-05-05T10:25:15+00:00","description":"Ricardo Gall\u00e9n performs works by Villa-Lobos and S\u00e9rgio Assad in this classical guitar album celebrating Brazilian music.","breadcrumb":{"@id":"https:\/\/knoblochstrings.com\/en\/products\/preludes-dances-from-brazil-ricardo-gallen\/#breadcrumb"},"inLanguage":"en-US","potentialAction":[{"@type":"ReadAction","target":["https:\/\/knoblochstrings.com\/en\/products\/preludes-dances-from-brazil-ricardo-gallen\/"]}]},{"@type":"ImageObject","inLanguage":"en-US","@id":"https:\/\/knoblochstrings.com\/en\/products\/preludes-dances-from-brazil-ricardo-gallen\/#primaryimage","url":"https:\/\/knoblochstrings.com\/wp-content\/uploads\/CDP-D-front.webp","contentUrl":"https:\/\/knoblochstrings.com\/wp-content\/uploads\/CDP-D-front.webp","width":1360,"height":1396},{"@type":"BreadcrumbList","@id":"https:\/\/knoblochstrings.com\/en\/products\/preludes-dances-from-brazil-ricardo-gallen\/#breadcrumb","itemListElement":[{"@type":"ListItem","position":1,"name":"Portada","item":"https:\/\/knoblochstrings.com\/en\/"},{"@type":"ListItem","position":2,"name":"Shop","item":"https:\/\/knoblochstrings.com\/shop\/"},{"@type":"ListItem","position":3,"name":"Preludes &#038; Dances from Brazil &#8211; Ricardo Gall\u00e9n"}]},{"@type":"WebSite","@id":"https:\/\/knoblochstrings.com\/en\/#website","url":"https:\/\/knoblochstrings.com\/en\/","name":"Knobloch Strings","description":"Premium Guitar Strings","publisher":{"@id":"https:\/\/knoblochstrings.com\/en\/#organization"},"potentialAction":[{"@type":"SearchAction","target":{"@type":"EntryPoint","urlTemplate":"https:\/\/knoblochstrings.com\/en\/?s={search_term_string}"},"query-input":{"@type":"PropertyValueSpecification","valueRequired":true,"valueName":"search_term_string"}}],"inLanguage":"en-US"},{"@type":"Organization","@id":"https:\/\/knoblochstrings.com\/en\/#organization","name":"Knobloch Strings","url":"https:\/\/knoblochstrings.com\/en\/","logo":{"@type":"ImageObject","inLanguage":"en-US","@id":"https:\/\/knoblochstrings.com\/en\/#\/schema\/logo\/image\/","url":"https:\/\/knoblochstrings.com\/wp-content\/uploads\/Logo-Knobloch-Strings.svg","contentUrl":"https:\/\/knoblochstrings.com\/wp-content\/uploads\/Logo-Knobloch-Strings.svg","width":485,"height":170,"caption":"Knobloch Strings"},"image":{"@id":"https:\/\/knoblochstrings.com\/en\/#\/schema\/logo\/image\/"}}]}},"_links":{"self":[{"href":"https:\/\/knoblochstrings.com\/en\/wp-json\/wp\/v2\/product\/2015","targetHints":{"allow":["GET"]}}],"collection":[{"href":"https:\/\/knoblochstrings.com\/en\/wp-json\/wp\/v2\/product"}],"about":[{"href":"https:\/\/knoblochstrings.com\/en\/wp-json\/wp\/v2\/types\/product"}],"replies":[{"embeddable":true,"href":"https:\/\/knoblochstrings.com\/en\/wp-json\/wp\/v2\/comments?post=2015"}],"wp:featuredmedia":[{"embeddable":true,"href":"https:\/\/knoblochstrings.com\/en\/wp-json\/wp\/v2\/media\/3024"}],"wp:attachment":[{"href":"https:\/\/knoblochstrings.com\/en\/wp-json\/wp\/v2\/media?parent=2015"}],"wp:term":[{"taxonomy":"scale","embeddable":true,"href":"https:\/\/knoblochstrings.com\/en\/wp-json\/wp\/v2\/scale?post=2015"},{"taxonomy":"string-position","embeddable":true,"href":"https:\/\/knoblochstrings.com\/en\/wp-json\/wp\/v2\/string-position?post=2015"},{"taxonomy":"tone","embeddable":true,"href":"https:\/\/knoblochstrings.com\/en\/wp-json\/wp\/v2\/tone?post=2015"},{"taxonomy":"product_brand","embeddable":true,"href":"https:\/\/knoblochstrings.com\/en\/wp-json\/wp\/v2\/product_brand?post=2015"},{"taxonomy":"product_cat","embeddable":true,"href":"https:\/\/knoblochstrings.com\/en\/wp-json\/wp\/v2\/product_cat?post=2015"},{"taxonomy":"product_tag","embeddable":true,"href":"https:\/\/knoblochstrings.com\/en\/wp-json\/wp\/v2\/product_tag?post=2015"}],"curies":[{"name":"wp","href":"https:\/\/api.w.org\/{rel}","templated":true}]}}