{"id":2016,"date":"2026-05-05T10:25:15","date_gmt":"2026-05-05T10:25:15","guid":{"rendered":"https:\/\/knoblochstrings.com\/?post_type=product&#038;p=2016"},"modified":"2026-05-05T10:25:15","modified_gmt":"2026-05-05T10:25:15","slug":"another-light-alex-garrobe","status":"publish","type":"product","link":"https:\/\/knoblochstrings.com\/en\/products\/another-light-alex-garrobe\/","title":{"rendered":"Another Light &#8211; Alex Garrob\u00e9"},"content":{"rendered":"<p>\u00c0lex Garrob\u00e9 plays Marco Smaili<\/p>\n<p>\u00c0lex Garrob\u00e9. Guitarra<\/p>\n<p>Ofrece conciertos y recitales con regularidad en m\u00e1s de cuarenta pa\u00edses actuando en auditorios como el Concertgebow de Amsterdam, Auditorio Nacional de Madrid, Auditorio de Radio France en Par\u00eds, la Opera de Estambul o el Auditorio del siglo XXI en Pek\u00edn. Obtiene los primeros premios en el Concurso Internacional de Guitarra Infanta Cristina (Fundaci\u00f3n Guerrero 1989) y en el Concurso Nacional Permanente JJMM (1988).<\/p>\n<p>Ha grabado para los sellos Harmonia Mundi, Naxos, \u00d3pera tres, Columna M\u00fasica y JSM Records prestando especial atenci\u00f3n a repertorio del siglo XX y XXI poco interpretado. Destacados compositores le han dedicado sus obras (S. Assad, S. Brotons, A. Charles, M. Smaili, M. Garc\u00eda Morante, S. Iannarelli, G. Drozd, J. P. Grau, S. Eide&#8230;).<\/p>\n<p>Doctor en Historia del Arte y Musicolog\u00eda por la Universitat Aut\u00f2noma de Barcelona, ejerce como profesor de guitarra y m\u00fasica de c\u00e1mara en la Escola Superior de M\u00fasica de Catalunya (ESMUC) y en el Centro Superior Katarina Gurska. Es invitado regularmente a ofrecer conciertos, clases magistrales y conferencias en instituciones musicales y universidades en todo el mundo.<\/p>\n<p>Credits<\/p>\n<p>Grabado en el Monasterio de los Carmelitas Descalzos del desierto de las Palmas de Benicassim (Castell\u00f3n, Espa\u00f1a)  los di\u00e1s 12, 13 y 14 de Julio de 2020.<\/p>\n<p>Ingeniero de sonido y producci\u00f3n: Javier Salvador<br \/>\nDise\u00f1o gr\u00e1fico: Puy Ribes<br \/>\nCuadro de Portada: Xavier Masero<br \/>\nA\u00f1o de publicaci\u00f3n: 2021<br \/>\n\u00c0lex Garrob\u00e9: www.alexgarrobe.com<br \/>\nPublicado por Knobloch Music.<\/p>\n<p>https:\/\/www.jsmrecords.com\/another-light\/<\/p>\n","protected":false},"excerpt":{"rendered":"<p>\u00c0lex Garrob\u00e9 plays Marco Smaili \u00c0lex Garrob\u00e9. Guitarra Ofrece conciertos y recitales con regularidad en m\u00e1s de cuarenta pa\u00edses actuando en auditorios como el Concertgebow de Amsterdam, Auditorio Nacional de &hellip;<\/p>\n","protected":false},"featured_media":3019,"comment_status":"closed","ping_status":"open","template":"","meta":{"_acf_changed":false},"scale":[],"string-position":[],"tone":[],"product_brand":[],"product_cat":[109],"product_tag":[],"class_list":{"0":"post-2016","1":"product","2":"type-product","3":"status-publish","4":"has-post-thumbnail","6":"serie-cd","7":"product_cat-music-merch","9":"first","10":"instock","11":"taxable","12":"shipping-taxable","13":"purchasable","14":"product-type-simple"},"acf":[],"yoast_head":"<!-- This site is optimized with the Yoast SEO plugin v27.2 - https:\/\/yoast.com\/product\/yoast-seo-wordpress\/ -->\n<title>Another Light \u2013 Alex Garrob\u00e9 plays Marco Smaili CD<\/title>\n<meta name=\"description\" content=\"Another Light by Alex Garrob\u00e9 features contemporary guitar works by Marco Smaili performed with expressive depth.\" \/>\n<meta name=\"robots\" content=\"index, follow, max-snippet:-1, max-image-preview:large, max-video-preview:-1\" \/>\n<link rel=\"canonical\" href=\"https:\/\/knoblochstrings.com\/en\/products\/another-light-alex-garrobe\/\" \/>\n<meta property=\"og:locale\" content=\"en_US\" \/>\n<meta property=\"og:type\" content=\"article\" \/>\n<meta property=\"og:title\" content=\"Another Light \u2013 Alex Garrob\u00e9 plays Marco Smaili CD\" \/>\n<meta property=\"og:description\" content=\"Another Light by Alex Garrob\u00e9 features contemporary guitar works by Marco Smaili performed with expressive depth.\" \/>\n<meta property=\"og:url\" content=\"https:\/\/knoblochstrings.com\/en\/products\/another-light-alex-garrobe\/\" \/>\n<meta property=\"og:site_name\" content=\"Knobloch Strings\" \/>\n<meta property=\"og:image\" content=\"https:\/\/knoblochstrings.com\/wp-content\/uploads\/CDAL-back.webp\" \/>\n\t<meta property=\"og:image:width\" content=\"1360\" \/>\n\t<meta property=\"og:image:height\" content=\"1396\" \/>\n\t<meta property=\"og:image:type\" content=\"image\/webp\" \/>\n<meta name=\"twitter:card\" content=\"summary_large_image\" \/>\n<meta name=\"twitter:label1\" content=\"Est. reading time\" \/>\n\t<meta name=\"twitter:data1\" content=\"1 minute\" \/>\n<script type=\"application\/ld+json\" class=\"yoast-schema-graph\">{\"@context\":\"https:\/\/schema.org\",\"@graph\":[{\"@type\":\"WebPage\",\"@id\":\"https:\/\/knoblochstrings.com\/en\/products\/another-light-alex-garrobe\/\",\"url\":\"https:\/\/knoblochstrings.com\/en\/products\/another-light-alex-garrobe\/\",\"name\":\"Another Light \u2013 Alex Garrob\u00e9 plays Marco Smaili CD\",\"isPartOf\":{\"@id\":\"https:\/\/knoblochstrings.com\/en\/#website\"},\"primaryImageOfPage\":{\"@id\":\"https:\/\/knoblochstrings.com\/en\/products\/another-light-alex-garrobe\/#primaryimage\"},\"image\":{\"@id\":\"https:\/\/knoblochstrings.com\/en\/products\/another-light-alex-garrobe\/#primaryimage\"},\"thumbnailUrl\":\"https:\/\/knoblochstrings.com\/wp-content\/uploads\/CDAL-back.webp\",\"datePublished\":\"2026-05-05T10:25:15+00:00\",\"description\":\"Another Light by Alex Garrob\u00e9 features contemporary guitar works by Marco Smaili performed with expressive depth.\",\"breadcrumb\":{\"@id\":\"https:\/\/knoblochstrings.com\/en\/products\/another-light-alex-garrobe\/#breadcrumb\"},\"inLanguage\":\"en-US\",\"potentialAction\":[{\"@type\":\"ReadAction\",\"target\":[\"https:\/\/knoblochstrings.com\/en\/products\/another-light-alex-garrobe\/\"]}]},{\"@type\":\"ImageObject\",\"inLanguage\":\"en-US\",\"@id\":\"https:\/\/knoblochstrings.com\/en\/products\/another-light-alex-garrobe\/#primaryimage\",\"url\":\"https:\/\/knoblochstrings.com\/wp-content\/uploads\/CDAL-back.webp\",\"contentUrl\":\"https:\/\/knoblochstrings.com\/wp-content\/uploads\/CDAL-back.webp\",\"width\":1360,\"height\":1396},{\"@type\":\"BreadcrumbList\",\"@id\":\"https:\/\/knoblochstrings.com\/en\/products\/another-light-alex-garrobe\/#breadcrumb\",\"itemListElement\":[{\"@type\":\"ListItem\",\"position\":1,\"name\":\"Portada\",\"item\":\"https:\/\/knoblochstrings.com\/en\/\"},{\"@type\":\"ListItem\",\"position\":2,\"name\":\"Shop\",\"item\":\"https:\/\/knoblochstrings.com\/shop\/\"},{\"@type\":\"ListItem\",\"position\":3,\"name\":\"Another Light &#8211; Alex Garrob\u00e9\"}]},{\"@type\":\"WebSite\",\"@id\":\"https:\/\/knoblochstrings.com\/en\/#website\",\"url\":\"https:\/\/knoblochstrings.com\/en\/\",\"name\":\"Knobloch Strings\",\"description\":\"Premium Guitar Strings\",\"publisher\":{\"@id\":\"https:\/\/knoblochstrings.com\/en\/#organization\"},\"potentialAction\":[{\"@type\":\"SearchAction\",\"target\":{\"@type\":\"EntryPoint\",\"urlTemplate\":\"https:\/\/knoblochstrings.com\/en\/?s={search_term_string}\"},\"query-input\":{\"@type\":\"PropertyValueSpecification\",\"valueRequired\":true,\"valueName\":\"search_term_string\"}}],\"inLanguage\":\"en-US\"},{\"@type\":\"Organization\",\"@id\":\"https:\/\/knoblochstrings.com\/en\/#organization\",\"name\":\"Knobloch Strings\",\"url\":\"https:\/\/knoblochstrings.com\/en\/\",\"logo\":{\"@type\":\"ImageObject\",\"inLanguage\":\"en-US\",\"@id\":\"https:\/\/knoblochstrings.com\/en\/#\/schema\/logo\/image\/\",\"url\":\"https:\/\/knoblochstrings.com\/wp-content\/uploads\/Logo-Knobloch-Strings.svg\",\"contentUrl\":\"https:\/\/knoblochstrings.com\/wp-content\/uploads\/Logo-Knobloch-Strings.svg\",\"width\":485,\"height\":170,\"caption\":\"Knobloch Strings\"},\"image\":{\"@id\":\"https:\/\/knoblochstrings.com\/en\/#\/schema\/logo\/image\/\"}}]}<\/script>\n<!-- \/ Yoast SEO plugin. -->","yoast_head_json":{"title":"Another Light \u2013 Alex Garrob\u00e9 plays Marco Smaili CD","description":"Another Light by Alex Garrob\u00e9 features contemporary guitar works by Marco Smaili performed with expressive depth.","robots":{"index":"index","follow":"follow","max-snippet":"max-snippet:-1","max-image-preview":"max-image-preview:large","max-video-preview":"max-video-preview:-1"},"canonical":"https:\/\/knoblochstrings.com\/en\/products\/another-light-alex-garrobe\/","og_locale":"en_US","og_type":"article","og_title":"Another Light \u2013 Alex Garrob\u00e9 plays Marco Smaili CD","og_description":"Another Light by Alex Garrob\u00e9 features contemporary guitar works by Marco Smaili performed with expressive depth.","og_url":"https:\/\/knoblochstrings.com\/en\/products\/another-light-alex-garrobe\/","og_site_name":"Knobloch Strings","og_image":[{"width":1360,"height":1396,"url":"https:\/\/knoblochstrings.com\/wp-content\/uploads\/CDAL-back.webp","type":"image\/webp"}],"twitter_card":"summary_large_image","twitter_misc":{"Est. reading time":"1 minute"},"schema":{"@context":"https:\/\/schema.org","@graph":[{"@type":"WebPage","@id":"https:\/\/knoblochstrings.com\/en\/products\/another-light-alex-garrobe\/","url":"https:\/\/knoblochstrings.com\/en\/products\/another-light-alex-garrobe\/","name":"Another Light \u2013 Alex Garrob\u00e9 plays Marco Smaili CD","isPartOf":{"@id":"https:\/\/knoblochstrings.com\/en\/#website"},"primaryImageOfPage":{"@id":"https:\/\/knoblochstrings.com\/en\/products\/another-light-alex-garrobe\/#primaryimage"},"image":{"@id":"https:\/\/knoblochstrings.com\/en\/products\/another-light-alex-garrobe\/#primaryimage"},"thumbnailUrl":"https:\/\/knoblochstrings.com\/wp-content\/uploads\/CDAL-back.webp","datePublished":"2026-05-05T10:25:15+00:00","description":"Another Light by Alex Garrob\u00e9 features contemporary guitar works by Marco Smaili performed with expressive depth.","breadcrumb":{"@id":"https:\/\/knoblochstrings.com\/en\/products\/another-light-alex-garrobe\/#breadcrumb"},"inLanguage":"en-US","potentialAction":[{"@type":"ReadAction","target":["https:\/\/knoblochstrings.com\/en\/products\/another-light-alex-garrobe\/"]}]},{"@type":"ImageObject","inLanguage":"en-US","@id":"https:\/\/knoblochstrings.com\/en\/products\/another-light-alex-garrobe\/#primaryimage","url":"https:\/\/knoblochstrings.com\/wp-content\/uploads\/CDAL-back.webp","contentUrl":"https:\/\/knoblochstrings.com\/wp-content\/uploads\/CDAL-back.webp","width":1360,"height":1396},{"@type":"BreadcrumbList","@id":"https:\/\/knoblochstrings.com\/en\/products\/another-light-alex-garrobe\/#breadcrumb","itemListElement":[{"@type":"ListItem","position":1,"name":"Portada","item":"https:\/\/knoblochstrings.com\/en\/"},{"@type":"ListItem","position":2,"name":"Shop","item":"https:\/\/knoblochstrings.com\/shop\/"},{"@type":"ListItem","position":3,"name":"Another Light &#8211; Alex Garrob\u00e9"}]},{"@type":"WebSite","@id":"https:\/\/knoblochstrings.com\/en\/#website","url":"https:\/\/knoblochstrings.com\/en\/","name":"Knobloch Strings","description":"Premium Guitar Strings","publisher":{"@id":"https:\/\/knoblochstrings.com\/en\/#organization"},"potentialAction":[{"@type":"SearchAction","target":{"@type":"EntryPoint","urlTemplate":"https:\/\/knoblochstrings.com\/en\/?s={search_term_string}"},"query-input":{"@type":"PropertyValueSpecification","valueRequired":true,"valueName":"search_term_string"}}],"inLanguage":"en-US"},{"@type":"Organization","@id":"https:\/\/knoblochstrings.com\/en\/#organization","name":"Knobloch Strings","url":"https:\/\/knoblochstrings.com\/en\/","logo":{"@type":"ImageObject","inLanguage":"en-US","@id":"https:\/\/knoblochstrings.com\/en\/#\/schema\/logo\/image\/","url":"https:\/\/knoblochstrings.com\/wp-content\/uploads\/Logo-Knobloch-Strings.svg","contentUrl":"https:\/\/knoblochstrings.com\/wp-content\/uploads\/Logo-Knobloch-Strings.svg","width":485,"height":170,"caption":"Knobloch Strings"},"image":{"@id":"https:\/\/knoblochstrings.com\/en\/#\/schema\/logo\/image\/"}}]}},"_links":{"self":[{"href":"https:\/\/knoblochstrings.com\/en\/wp-json\/wp\/v2\/product\/2016","targetHints":{"allow":["GET"]}}],"collection":[{"href":"https:\/\/knoblochstrings.com\/en\/wp-json\/wp\/v2\/product"}],"about":[{"href":"https:\/\/knoblochstrings.com\/en\/wp-json\/wp\/v2\/types\/product"}],"replies":[{"embeddable":true,"href":"https:\/\/knoblochstrings.com\/en\/wp-json\/wp\/v2\/comments?post=2016"}],"wp:featuredmedia":[{"embeddable":true,"href":"https:\/\/knoblochstrings.com\/en\/wp-json\/wp\/v2\/media\/3019"}],"wp:attachment":[{"href":"https:\/\/knoblochstrings.com\/en\/wp-json\/wp\/v2\/media?parent=2016"}],"wp:term":[{"taxonomy":"scale","embeddable":true,"href":"https:\/\/knoblochstrings.com\/en\/wp-json\/wp\/v2\/scale?post=2016"},{"taxonomy":"string-position","embeddable":true,"href":"https:\/\/knoblochstrings.com\/en\/wp-json\/wp\/v2\/string-position?post=2016"},{"taxonomy":"tone","embeddable":true,"href":"https:\/\/knoblochstrings.com\/en\/wp-json\/wp\/v2\/tone?post=2016"},{"taxonomy":"product_brand","embeddable":true,"href":"https:\/\/knoblochstrings.com\/en\/wp-json\/wp\/v2\/product_brand?post=2016"},{"taxonomy":"product_cat","embeddable":true,"href":"https:\/\/knoblochstrings.com\/en\/wp-json\/wp\/v2\/product_cat?post=2016"},{"taxonomy":"product_tag","embeddable":true,"href":"https:\/\/knoblochstrings.com\/en\/wp-json\/wp\/v2\/product_tag?post=2016"}],"curies":[{"name":"wp","href":"https:\/\/api.w.org\/{rel}","templated":true}]}}