{"id":2017,"date":"2026-05-05T10:25:19","date_gmt":"2026-05-05T10:25:19","guid":{"rendered":"https:\/\/knoblochstrings.com\/?post_type=product&#038;p=2017"},"modified":"2026-05-05T10:25:19","modified_gmt":"2026-05-05T10:25:19","slug":"manuel-morao-yo-nunca-a-mi-ley-falte","status":"publish","type":"product","link":"https:\/\/knoblochstrings.com\/en\/products\/manuel-morao-yo-nunca-a-mi-ley-falte\/","title":{"rendered":"Manuel Morao: Yo nunca a mi ley falt\u00e9"},"content":{"rendered":"<p>Bajo el t\u00edtulo Manuel Morao. &#8220;Yo nunca a mi ley falt\u00e9&#8221;, Knobloch Strings presenta la nueva edici\u00f3n del libro escrito por Juan Manuel Su\u00e1rez Jap\u00f3n que narra la vida y obra de este gran guitarrista jerezano.<\/p>\n<p>En el a\u00f1o 2014 la Diputaci\u00f3n Provincial de C\u00e1diz presentaba Sinelo Calorr\u00f3. &#8220;Conversaciones con Manuel Morao&#8221;. A pesar de la gran acogida que tuvo, el libro se agot\u00f3 muy pronto sin que se produjeran las reediciones que el p\u00fablico reclamaba. A causa de esto surge esta nueva edici\u00f3n, la cual toma como base la edici\u00f3n anterior, pero presenta algunas modificaciones en cuanto a la extensi\u00f3n, reduciendo las notas al pie de p\u00e1gina y poniendo el foco en el testimonio de Manuel.<\/p>\n<p>Knobloch Strings emprende este nuevo cometido con la intenci\u00f3n de preservar el legado de uno de los grandes maestros de la Flamenco Guitar Strings y, a trav\u00e9s de este libro, poder acercar su historia a m\u00e1s gente.<\/p>\n","protected":false},"excerpt":{"rendered":"<p>Bajo el t\u00edtulo Manuel Morao. &#8220;Yo nunca a mi ley falt\u00e9&#8221;, Knobloch Strings presenta la nueva edici\u00f3n del libro escrito por Juan Manuel Su\u00e1rez Jap\u00f3n que narra la vida y &hellip;<\/p>\n","protected":false},"featured_media":3028,"comment_status":"closed","ping_status":"open","template":"","meta":{"_acf_changed":false},"scale":[],"string-position":[],"tone":[],"product_brand":[],"product_cat":[109],"product_tag":[],"class_list":{"0":"post-2017","1":"product","2":"type-product","3":"status-publish","4":"has-post-thumbnail","6":"serie-libro","7":"product_cat-music-merch","9":"first","10":"instock","11":"taxable","12":"shipping-taxable","13":"purchasable","14":"product-type-simple"},"acf":[],"yoast_head":"<!-- This site is optimized with the Yoast SEO plugin v27.2 - https:\/\/yoast.com\/product\/yoast-seo-wordpress\/ -->\n<title>Manuel Morao: Yo nunca a mi ley falt\u00e9 book<\/title>\n<meta name=\"description\" content=\"Biography of flamenco guitarist Manuel Morao by Juan Manuel Su\u00e1rez Jap\u00f3n, preserving the legacy of the Jerez master.\" \/>\n<meta name=\"robots\" content=\"index, follow, max-snippet:-1, max-image-preview:large, max-video-preview:-1\" \/>\n<link rel=\"canonical\" href=\"https:\/\/knoblochstrings.com\/en\/products\/manuel-morao-yo-nunca-a-mi-ley-falte\/\" \/>\n<meta property=\"og:locale\" content=\"en_US\" \/>\n<meta property=\"og:type\" content=\"article\" \/>\n<meta property=\"og:title\" content=\"Manuel Morao: Yo nunca a mi ley falt\u00e9 book\" \/>\n<meta property=\"og:description\" content=\"Biography of flamenco guitarist Manuel Morao by Juan Manuel Su\u00e1rez Jap\u00f3n, preserving the legacy of the Jerez master.\" \/>\n<meta property=\"og:url\" content=\"https:\/\/knoblochstrings.com\/en\/products\/manuel-morao-yo-nunca-a-mi-ley-falte\/\" \/>\n<meta property=\"og:site_name\" content=\"Knobloch Strings\" \/>\n<meta property=\"og:image\" content=\"https:\/\/knoblochstrings.com\/wp-content\/uploads\/LMM-front.webp\" \/>\n\t<meta property=\"og:image:width\" content=\"1360\" \/>\n\t<meta property=\"og:image:height\" content=\"1396\" \/>\n\t<meta property=\"og:image:type\" content=\"image\/webp\" \/>\n<meta name=\"twitter:card\" content=\"summary_large_image\" \/>\n<meta name=\"twitter:label1\" content=\"Est. reading time\" \/>\n\t<meta name=\"twitter:data1\" content=\"1 minute\" \/>\n<script type=\"application\/ld+json\" class=\"yoast-schema-graph\">{\"@context\":\"https:\/\/schema.org\",\"@graph\":[{\"@type\":\"WebPage\",\"@id\":\"https:\/\/knoblochstrings.com\/en\/products\/manuel-morao-yo-nunca-a-mi-ley-falte\/\",\"url\":\"https:\/\/knoblochstrings.com\/en\/products\/manuel-morao-yo-nunca-a-mi-ley-falte\/\",\"name\":\"Manuel Morao: Yo nunca a mi ley falt\u00e9 book\",\"isPartOf\":{\"@id\":\"https:\/\/knoblochstrings.com\/en\/#website\"},\"primaryImageOfPage\":{\"@id\":\"https:\/\/knoblochstrings.com\/en\/products\/manuel-morao-yo-nunca-a-mi-ley-falte\/#primaryimage\"},\"image\":{\"@id\":\"https:\/\/knoblochstrings.com\/en\/products\/manuel-morao-yo-nunca-a-mi-ley-falte\/#primaryimage\"},\"thumbnailUrl\":\"https:\/\/knoblochstrings.com\/wp-content\/uploads\/LMM-front.webp\",\"datePublished\":\"2026-05-05T10:25:19+00:00\",\"description\":\"Biography of flamenco guitarist Manuel Morao by Juan Manuel Su\u00e1rez Jap\u00f3n, preserving the legacy of the Jerez master.\",\"breadcrumb\":{\"@id\":\"https:\/\/knoblochstrings.com\/en\/products\/manuel-morao-yo-nunca-a-mi-ley-falte\/#breadcrumb\"},\"inLanguage\":\"en-US\",\"potentialAction\":[{\"@type\":\"ReadAction\",\"target\":[\"https:\/\/knoblochstrings.com\/en\/products\/manuel-morao-yo-nunca-a-mi-ley-falte\/\"]}]},{\"@type\":\"ImageObject\",\"inLanguage\":\"en-US\",\"@id\":\"https:\/\/knoblochstrings.com\/en\/products\/manuel-morao-yo-nunca-a-mi-ley-falte\/#primaryimage\",\"url\":\"https:\/\/knoblochstrings.com\/wp-content\/uploads\/LMM-front.webp\",\"contentUrl\":\"https:\/\/knoblochstrings.com\/wp-content\/uploads\/LMM-front.webp\",\"width\":1360,\"height\":1396},{\"@type\":\"BreadcrumbList\",\"@id\":\"https:\/\/knoblochstrings.com\/en\/products\/manuel-morao-yo-nunca-a-mi-ley-falte\/#breadcrumb\",\"itemListElement\":[{\"@type\":\"ListItem\",\"position\":1,\"name\":\"Portada\",\"item\":\"https:\/\/knoblochstrings.com\/en\/\"},{\"@type\":\"ListItem\",\"position\":2,\"name\":\"Shop\",\"item\":\"https:\/\/knoblochstrings.com\/shop\/\"},{\"@type\":\"ListItem\",\"position\":3,\"name\":\"Manuel Morao: Yo nunca a mi ley falt\u00e9\"}]},{\"@type\":\"WebSite\",\"@id\":\"https:\/\/knoblochstrings.com\/en\/#website\",\"url\":\"https:\/\/knoblochstrings.com\/en\/\",\"name\":\"Knobloch Strings\",\"description\":\"Premium Guitar Strings\",\"publisher\":{\"@id\":\"https:\/\/knoblochstrings.com\/en\/#organization\"},\"potentialAction\":[{\"@type\":\"SearchAction\",\"target\":{\"@type\":\"EntryPoint\",\"urlTemplate\":\"https:\/\/knoblochstrings.com\/en\/?s={search_term_string}\"},\"query-input\":{\"@type\":\"PropertyValueSpecification\",\"valueRequired\":true,\"valueName\":\"search_term_string\"}}],\"inLanguage\":\"en-US\"},{\"@type\":\"Organization\",\"@id\":\"https:\/\/knoblochstrings.com\/en\/#organization\",\"name\":\"Knobloch Strings\",\"url\":\"https:\/\/knoblochstrings.com\/en\/\",\"logo\":{\"@type\":\"ImageObject\",\"inLanguage\":\"en-US\",\"@id\":\"https:\/\/knoblochstrings.com\/en\/#\/schema\/logo\/image\/\",\"url\":\"https:\/\/knoblochstrings.com\/wp-content\/uploads\/Logo-Knobloch-Strings.svg\",\"contentUrl\":\"https:\/\/knoblochstrings.com\/wp-content\/uploads\/Logo-Knobloch-Strings.svg\",\"width\":485,\"height\":170,\"caption\":\"Knobloch Strings\"},\"image\":{\"@id\":\"https:\/\/knoblochstrings.com\/en\/#\/schema\/logo\/image\/\"}}]}<\/script>\n<!-- \/ Yoast SEO plugin. -->","yoast_head_json":{"title":"Manuel Morao: Yo nunca a mi ley falt\u00e9 book","description":"Biography of flamenco guitarist Manuel Morao by Juan Manuel Su\u00e1rez Jap\u00f3n, preserving the legacy of the Jerez master.","robots":{"index":"index","follow":"follow","max-snippet":"max-snippet:-1","max-image-preview":"max-image-preview:large","max-video-preview":"max-video-preview:-1"},"canonical":"https:\/\/knoblochstrings.com\/en\/products\/manuel-morao-yo-nunca-a-mi-ley-falte\/","og_locale":"en_US","og_type":"article","og_title":"Manuel Morao: Yo nunca a mi ley falt\u00e9 book","og_description":"Biography of flamenco guitarist Manuel Morao by Juan Manuel Su\u00e1rez Jap\u00f3n, preserving the legacy of the Jerez master.","og_url":"https:\/\/knoblochstrings.com\/en\/products\/manuel-morao-yo-nunca-a-mi-ley-falte\/","og_site_name":"Knobloch Strings","og_image":[{"width":1360,"height":1396,"url":"https:\/\/knoblochstrings.com\/wp-content\/uploads\/LMM-front.webp","type":"image\/webp"}],"twitter_card":"summary_large_image","twitter_misc":{"Est. reading time":"1 minute"},"schema":{"@context":"https:\/\/schema.org","@graph":[{"@type":"WebPage","@id":"https:\/\/knoblochstrings.com\/en\/products\/manuel-morao-yo-nunca-a-mi-ley-falte\/","url":"https:\/\/knoblochstrings.com\/en\/products\/manuel-morao-yo-nunca-a-mi-ley-falte\/","name":"Manuel Morao: Yo nunca a mi ley falt\u00e9 book","isPartOf":{"@id":"https:\/\/knoblochstrings.com\/en\/#website"},"primaryImageOfPage":{"@id":"https:\/\/knoblochstrings.com\/en\/products\/manuel-morao-yo-nunca-a-mi-ley-falte\/#primaryimage"},"image":{"@id":"https:\/\/knoblochstrings.com\/en\/products\/manuel-morao-yo-nunca-a-mi-ley-falte\/#primaryimage"},"thumbnailUrl":"https:\/\/knoblochstrings.com\/wp-content\/uploads\/LMM-front.webp","datePublished":"2026-05-05T10:25:19+00:00","description":"Biography of flamenco guitarist Manuel Morao by Juan Manuel Su\u00e1rez Jap\u00f3n, preserving the legacy of the Jerez master.","breadcrumb":{"@id":"https:\/\/knoblochstrings.com\/en\/products\/manuel-morao-yo-nunca-a-mi-ley-falte\/#breadcrumb"},"inLanguage":"en-US","potentialAction":[{"@type":"ReadAction","target":["https:\/\/knoblochstrings.com\/en\/products\/manuel-morao-yo-nunca-a-mi-ley-falte\/"]}]},{"@type":"ImageObject","inLanguage":"en-US","@id":"https:\/\/knoblochstrings.com\/en\/products\/manuel-morao-yo-nunca-a-mi-ley-falte\/#primaryimage","url":"https:\/\/knoblochstrings.com\/wp-content\/uploads\/LMM-front.webp","contentUrl":"https:\/\/knoblochstrings.com\/wp-content\/uploads\/LMM-front.webp","width":1360,"height":1396},{"@type":"BreadcrumbList","@id":"https:\/\/knoblochstrings.com\/en\/products\/manuel-morao-yo-nunca-a-mi-ley-falte\/#breadcrumb","itemListElement":[{"@type":"ListItem","position":1,"name":"Portada","item":"https:\/\/knoblochstrings.com\/en\/"},{"@type":"ListItem","position":2,"name":"Shop","item":"https:\/\/knoblochstrings.com\/shop\/"},{"@type":"ListItem","position":3,"name":"Manuel Morao: Yo nunca a mi ley falt\u00e9"}]},{"@type":"WebSite","@id":"https:\/\/knoblochstrings.com\/en\/#website","url":"https:\/\/knoblochstrings.com\/en\/","name":"Knobloch Strings","description":"Premium Guitar Strings","publisher":{"@id":"https:\/\/knoblochstrings.com\/en\/#organization"},"potentialAction":[{"@type":"SearchAction","target":{"@type":"EntryPoint","urlTemplate":"https:\/\/knoblochstrings.com\/en\/?s={search_term_string}"},"query-input":{"@type":"PropertyValueSpecification","valueRequired":true,"valueName":"search_term_string"}}],"inLanguage":"en-US"},{"@type":"Organization","@id":"https:\/\/knoblochstrings.com\/en\/#organization","name":"Knobloch Strings","url":"https:\/\/knoblochstrings.com\/en\/","logo":{"@type":"ImageObject","inLanguage":"en-US","@id":"https:\/\/knoblochstrings.com\/en\/#\/schema\/logo\/image\/","url":"https:\/\/knoblochstrings.com\/wp-content\/uploads\/Logo-Knobloch-Strings.svg","contentUrl":"https:\/\/knoblochstrings.com\/wp-content\/uploads\/Logo-Knobloch-Strings.svg","width":485,"height":170,"caption":"Knobloch Strings"},"image":{"@id":"https:\/\/knoblochstrings.com\/en\/#\/schema\/logo\/image\/"}}]}},"_links":{"self":[{"href":"https:\/\/knoblochstrings.com\/en\/wp-json\/wp\/v2\/product\/2017","targetHints":{"allow":["GET"]}}],"collection":[{"href":"https:\/\/knoblochstrings.com\/en\/wp-json\/wp\/v2\/product"}],"about":[{"href":"https:\/\/knoblochstrings.com\/en\/wp-json\/wp\/v2\/types\/product"}],"replies":[{"embeddable":true,"href":"https:\/\/knoblochstrings.com\/en\/wp-json\/wp\/v2\/comments?post=2017"}],"wp:featuredmedia":[{"embeddable":true,"href":"https:\/\/knoblochstrings.com\/en\/wp-json\/wp\/v2\/media\/3028"}],"wp:attachment":[{"href":"https:\/\/knoblochstrings.com\/en\/wp-json\/wp\/v2\/media?parent=2017"}],"wp:term":[{"taxonomy":"scale","embeddable":true,"href":"https:\/\/knoblochstrings.com\/en\/wp-json\/wp\/v2\/scale?post=2017"},{"taxonomy":"string-position","embeddable":true,"href":"https:\/\/knoblochstrings.com\/en\/wp-json\/wp\/v2\/string-position?post=2017"},{"taxonomy":"tone","embeddable":true,"href":"https:\/\/knoblochstrings.com\/en\/wp-json\/wp\/v2\/tone?post=2017"},{"taxonomy":"product_brand","embeddable":true,"href":"https:\/\/knoblochstrings.com\/en\/wp-json\/wp\/v2\/product_brand?post=2017"},{"taxonomy":"product_cat","embeddable":true,"href":"https:\/\/knoblochstrings.com\/en\/wp-json\/wp\/v2\/product_cat?post=2017"},{"taxonomy":"product_tag","embeddable":true,"href":"https:\/\/knoblochstrings.com\/en\/wp-json\/wp\/v2\/product_tag?post=2017"}],"curies":[{"name":"wp","href":"https:\/\/api.w.org\/{rel}","templated":true}]}}